{"id":5667932,"date":"2019-04-08T12:09:45","date_gmt":"2019-04-08T10:09:45","guid":{"rendered":"https:\/\/www.chateaudesacy-reims.fr\/restaurants-bar\/"},"modified":"2026-04-22T16:45:56","modified_gmt":"2026-04-22T14:45:56","slug":"restaurant-bar","status":"publish","type":"page","link":"https:\/\/chateaudesacy-reims.fr\/en\/restaurant-bar\/","title":{"rendered":"Restaurant &#038; Bar"},"content":{"rendered":"[vc_row full_width=&#8221;stretch_row_content_no_spaces&#8221; disable_element=&#8221;yes&#8221;][vc_column][rev_slider_vc alias=&#8221;restaurant-bar&#8221;][vc_empty_space]<div class=\"norebro-heading-sc heading text-center\"\n\tid=\"norebro-custom-69e8e127661ae\" \n\t \n\t>\n\t\n\t\n\t\n\t<h1 class=\"title\">\n\t\tDiscover the restaurant and the bar of the Ch\u00e2teau de Sacy\t<\/h1>\n\n\t\n\t\t\t<p class=\"subtitle\">\n\t\t\t\t\t<\/p>\n\t\t\n<\/div>[\/vc_column][\/vc_row][vc_row full_width=&#8221;stretch_row_content_no_spaces&#8221; full_height=&#8221;yes&#8221; parallax=&#8221;content-moving&#8221; parallax_image=&#8221;5675906&#8243; parallax_speed_bg=&#8221;1&#8243;][vc_column]<div class=\"norebro-heading-sc heading restaurant-page-title text-center\"\n\tid=\"norebro-custom-69e8e12766215\" \n\t \n\t>\n\t\n\t\n\t\n\t<h1 class=\"title\">\n\t\tHotel Restaurant & Bar\t<\/h1>\n\n\t\n\t\t\t<p class=\"subtitle\">\n\t\t\t\t\t<\/p>\n\t\t\n<\/div><div class=\"norebro-text-sc restaurant-text-banner\" \n\tid=\"norebro-custom-69e8e1276628c\" \n\t \n\t>\n\n\t<p style=\"text-align: center;\">Restaurant &amp; Bar<\/p>\n\t\n<\/div>[vc_raw_html]JTNDaW1nJTIwc3JjJTNEJTIyaHR0cHMlM0ElMkYlMkZzMy1ldS1jZW50cmFsLTEuYW1hem9uYXdzLmNvbSUyRmJvd28tbWVkaWElMkZwd2FfY2FyZCUyRmY3NTU4YjJmLTEyZWEtNDc3Zi1hOWJmLTA4YzExMjkzMmY1OC5naWYlMjIlMjBzdHlsZSUzRCUyMmRpc3BsYXklM0ElMjBibG9jayUzQiUyMG1hcmdpbi1sZWZ0JTNBJTIwYXV0byUzQiUyMG1hcmdpbi1yaWdodCUzQSUyMGF1dG8lM0IlMjB3aWR0aCUzQTEwMHB4JTNCJTIyJTIwb25jbGljayUzRCUyMnNtb290aFNjcm9sbCUyOCUyNyUyM3Jlc3RhdXJhbnQtY29udGVudCUyNyUyOSUyMiUzRQ==[\/vc_raw_html][\/vc_column][\/vc_row][vc_row][vc_column]<div class=\"norebro-heading-sc heading entry-page text-center\"\n\tid=\"norebro-custom-69e8e127662e0\" \n\t \n\t>\n\t\n\t\n\t\n\t<h4 class=\"title\">\n\t\tThe Ch\u00e2teau de Sacy Restaurant\t<\/h4>\n\n\t\n\t\t\t<p class=\"subtitle\">\n\t\t\t\t\t<\/p>\n\t\t\n<\/div>[vc_empty_space height=&#8221;20px&#8221;]<div class=\"norebro-heading-sc heading entry-page text-center\"\n\tid=\"norebro-custom-69e8e12766316\" \n\t \n\t>\n\t\n\t\n\t\n\t<h4 class=\"title\">\n\t\tDiscover exceptional local products selected just for you\t<\/h4>\n\n\t\n\t\t\t<p class=\"subtitle\">\n\t\t\t\t\t<\/p>\n\t\t\n<\/div>[vc_empty_space height=&#8221;20px&#8221;]<div class=\"norebro-text-sc \" \n\tid=\"norebro-custom-69e8e12766357\" \n\t \n\t>\n\n\t<p style=\"text-align: center;\">Discover the dining experience at Ch\u00e2teau de Sacy, a true celebration of Champagne cuisine. Chef Guillaume Diether showcases local produce with creativity and elegance throughout the seasons, against a backdrop of panoramic views of the vineyards.<\/p>\n<p style=\"text-align: center;\">At the bar, let our Head Sommelier guide you; he shares his expertise and palate with passion. He invites you to savour a refined selection of champagnes, wines, cocktails and mocktails, designed to accompany every moment with precision and emotion.<\/p>\n\t\n<\/div>[vc_empty_space height=&#8221;20px&#8221;][\/vc_column][\/vc_row][vc_row content_placement=&#8221;middle&#8221; css=&#8221;.vc_custom_1702538012396{margin-bottom: 20px !important;}&#8221; el_id=&#8221;restaurant-content&#8221;][vc_column width=&#8221;1\/2&#8243;][vc_single_image image=&#8221;5675764&#8243; img_size=&#8221;600 x 650&#8243; alignment=&#8221;center&#8221; css=&#8221;.vc_custom_1771855153584{margin-bottom: 30px !important;}&#8221;][\/vc_column][vc_column width=&#8221;1\/2&#8243;]<div class=\"norebro-heading-sc heading entry-page text-left\"\n\tid=\"norebro-custom-69e8e1276637f\" \n\t \n\t>\n\t\n\t\n\t\n\t<h4 class=\"title\">\n\t\tThe Restaurant\t<\/h4>\n\n\t\n\t\t\t<p class=\"subtitle\">\n\t\t\t\t\t<\/p>\n\t\t\n<\/div>[vc_empty_space height=&#8221;20px&#8221;]<div class=\"norebro-heading-sc heading entry-page text-left\"\n\tid=\"norebro-custom-69e8e127663ae\" \n\t \n\t>\n\t\n\t\n\t\n\t<h4 class=\"title\">\n\t\tA reinterpretation of regional cuisine\t<\/h4>\n\n\t\n\t\t\t<p class=\"subtitle\">\n\t\t\t\t\t<\/p>\n\t\t\n<\/div>[vc_empty_space height=&#8221;20px&#8221;]<div class=\"norebro-text-sc no-padding\" \n\tid=\"norebro-custom-69e8e127663eb\" \n\t \n\t>\n\n\t<p style=\"text-align: left;\">Located on the first floor of the Ch\u00e2teau and offering a unique view of the vineyards, the restaurant offers a gastronomic experience, celebrating the riches of the Champagne region through elegant and authentic cuisine. Chef Guillaume Diether carefully selects local and seasonal products, which he enhances in creations that reinvent regional gastronomy.<\/p>\n<p>Open from wednesday to sunday<\/p>\n<p>From 12:00 p.m to 2:00 p.m and from 7:00 p.m to 9:00 p.m<\/p>\n\t\n<\/div>[vc_empty_space height=&#8221;20px&#8221;][vc_row_inner][vc_column_inner width=&#8221;1\/2&#8243;][vc_btn title=&#8221;BOOK&#8221; style=&#8221;outline&#8221; shape=&#8221;square&#8221; color=&#8221;inverse&#8221; align=&#8221;center&#8221; i_icon_fontawesome=&#8221;fas fa-utensils&#8221; button_block=&#8221;true&#8221; add_icon=&#8221;true&#8221; link=&#8221;url:https%3A%2F%2Fbookings.zenchef.com%2Fresults%3Frid%3D358240%26fullscreen%3D1%26lang%3Den|target:_blank&#8221;][\/vc_column_inner][vc_column_inner width=&#8221;1\/2&#8243;][vc_btn title=&#8221;MENU&#8221; style=&#8221;outline&#8221; shape=&#8221;square&#8221; color=&#8221;inverse&#8221; align=&#8221;center&#8221; i_icon_fontawesome=&#8221;fas fa-book-open&#8221; button_block=&#8221;true&#8221; add_icon=&#8221;true&#8221; link=&#8221;url:https%3A%2F%2Fchateaudesacy-reims.fr%2Fwp-content%2Fuploads%2F2026%2F04%2Fcarte-restaurant-1.pdf|target:_blank&#8221;][\/vc_column_inner][\/vc_row_inner][vc_empty_space height=&#8221;20px&#8221;][\/vc_column][\/vc_row][vc_row content_placement=&#8221;middle&#8221; css=&#8221;.vc_custom_1702394277380{margin-bottom: 20px !important;}&#8221; el_class=&#8221;desktop&#8221;][vc_column width=&#8221;3\/5&#8243;]<div class=\"norebro-heading-sc heading entry-page text-left\"\n\tid=\"norebro-custom-69e8e1276640f\" \n\t \n\t>\n\t\n\t\n\t\n\t<h4 class=\"title\">\n\t\tThe Hotel Bar\t<\/h4>\n\n\t\n\t\t\t<p class=\"subtitle\">\n\t\t\t\t\t<\/p>\n\t\t\n<\/div><div class=\"norebro-heading-sc heading entry-page text-left\"\n\tid=\"norebro-custom-69e8e1276643b\" \n\t \n\t>\n\t\n\t\n\t\n\t<h4 class=\"title\">\n\t\tA careful and delicate selection\t<\/h4>\n\n\t\n\t\t\t<p class=\"subtitle\">\n\t\t\t\t\t<\/p>\n\t\t\n<\/div><div class=\"norebro-text-sc no-padding\" \n\tid=\"norebro-custom-69e8e12766481\" \n\t \n\t>\n\n\t<p data-start=\"52\" data-end=\"214\">Our selection of prestigious wines and champagnes pays tribute to both iconic houses and passionate artisans who, vintage after vintage, craft exceptional cuv\u00e9es.<\/p>\n<p data-start=\"216\" data-end=\"542\">In the refined setting of our lounges or on the terrace overlooking the vineyards, let yourself be guided by an inspired menu where renowned crus meet rare discoveries. Montagne de Reims, Vall\u00e9e de la Marne, C\u00f4te des Blancs, C\u00f4te de S\u00e9zanne or C\u00f4te des Bar, each glass tells a story, that of a terroir and true craftsmanship.<\/p>\n<p data-start=\"544\" data-end=\"763\">Extend the experience with a signature champagne or cocktail, thoughtfully created by our team to awaken your senses. Subtle, creative, and served in elegant glassware, they invite you to fully savor the present moment.<\/p>\n\t\n<\/div>[vc_row_inner][vc_column_inner width=&#8221;1\/2&#8243;][vc_btn title=&#8221;DISCOVER&#8221; style=&#8221;outline&#8221; shape=&#8221;square&#8221; color=&#8221;inverse&#8221; align=&#8221;center&#8221; i_icon_fontawesome=&#8221;fas fa-book-open&#8221; button_block=&#8221;true&#8221; add_icon=&#8221;true&#8221; link=&#8221;url:https%3A%2F%2Fwww.chateaudesacy-reims.fr%2Fwp-content%2Fuploads%2F2025%2F12%2Fcarte-vins-et-champagnes.pdf|target:_blank&#8221;][\/vc_column_inner][vc_column_inner width=&#8221;1\/2&#8243;][\/vc_column_inner][\/vc_row_inner][\/vc_column][vc_column width=&#8221;2\/5&#8243;][vc_single_image image=&#8221;5674685&#8243; img_size=&#8221;600 x 600&#8243; alignment=&#8221;center&#8221; css=&#8221;.vc_custom_1771855070023{margin-bottom: 30px !important;}&#8221;][\/vc_column][\/vc_row][vc_row full_width=&#8221;stretch_row&#8221;][vc_column][vc_empty_space height=&#8221;60px&#8221;]<div class=\"norebro-text-sc \" \n\tid=\"norebro-custom-69e8e127664a6\" \n\t \n\t>\n\n\t<p class=\"cvGsUA direction-ltr align-center para-style-body\" style=\"text-align: center;\"><span class=\"a_GcMg font-feature-liga-off font-feature-clig-off font-feature-calt-off text-decoration-none text-strikethrough-none\">Ch\u00e2teau de Sacy is not just a restaurant in the vineyards near Reims or a champagne bar. Above all, it is a 5-star certified establishment in Reims. Here, you will discover a magical place hidden in the heart of a vineyard, offering a unique experience in a luxury hotel\u00a0 near Reims. At Ch\u00e2teau de Sacy, you will find a true epicurean retreat with wonderful rooms and suites offering a unique view of the Champagne region. Treat yourself in our restaurant in Sacy, taste the best vintages and daring cocktails, relax in our wellness aera.<\/span><\/p>\n\t\n<\/div>[\/vc_column][\/vc_row][vc_row full_width=&#8221;stretch_row_content_no_spaces&#8221; content_placement=&#8221;top&#8221;][vc_column][vc_raw_html]JTNDc2NyaXB0JTNFJTBBJTIwJTIwJTIwJTIwZnVuY3Rpb24lMjBvcGVuTW9kYWwlMjhldmVudCUyOSUyMCU3QiUwQSUyMCUyMCUyMCUyMCUyMCUyMCUyMCUyMCUyRiUyRiUyMEVtcCVDMyVBQWNoZXIlMjBsZSUyMGxpZW4lMjBkZSUyMHJlZGlyaWdlciUyMHZlcnMlMjB1bmUlMjBhdXRyZSUyMHBhZ2UlMEElMjAlMjAlMjAlMjAlMjAlMjAlMjAlMjBldmVudC5wcmV2ZW50RGVmYXVsdCUyOCUyOSUzQiUwQSUwQSUyMCUyMCUyMCUyMCUyMCUyMCUyMCUyMCUyRiUyRiUyME91dnJpciUyMGxhJTIwbW9kYWxlJTBBJTIwJTIwJTIwJTIwJTIwJTIwJTIwJTIwZG9jdW1lbnQuZ2V0RWxlbWVudEJ5SWQlMjglMjdteU1vZGFsJTI3JTI5LnN0eWxlLmRpc3BsYXklMjAlM0QlMjAlMjdmbGV4JTI3JTNCJTBBJTIwJTIwJTIwJTIwJTdEJTBBJTBBJTIwJTIwJTIwJTIwJTJGJTJGJTIwQXBwZWxlciUyMGxhJTIwZm9uY3Rpb24lMjBwb3VyJTIwb3V2cmlyJTIwbGElMjBtb2RhbGUlMjBsb3JzcXUlMjdvbiUyMGNsaXF1ZSUyMHN1ciUyMGxlJTIwcHJlbWllciUyMCVDMyVBOWwlQzMlQTltZW50JTIwZGUlMjBjbGFzc2UlMjBidG4tbWlsbGVzaW1lJTBBJTIwJTIwJTIwJTIwZG9jdW1lbnQucXVlcnlTZWxlY3RvciUyOCUyNy5idG4tbWlsbGVzaW1lJTI3JTI5LmFkZEV2ZW50TGlzdGVuZXIlMjglMjdjbGljayUyNyUyQyUyMG9wZW5Nb2RhbCUyOSUzQiUwQSUzQyUyRnNjcmlwdCUzRSUwQSUwQSUzQ2RpdiUyMGlkJTNEJTIybXlNb2RhbCUyMiUyMHN0eWxlJTNEJTIyei1pbmRleCUzQSUyMDEwMDAwJTNCJTIwZGlzcGxheSUzQSUyMG5vbmUlM0IlMjBwb3NpdGlvbiUzQSUyMGZpeGVkJTNCJTIwdG9wJTNBJTIwMCUzQiUyMGxlZnQlM0ElMjAwJTNCJTIwd2lkdGglM0ElMjAxMDAlMjUlM0IlMjBoZWlnaHQlM0ElMjAxMDAlMjUlM0IlMjBiYWNrZ3JvdW5kLWNvbG9yJTNBJTIwcmdiYSUyODAlMkMwJTJDMCUyQzAuNSUyOSUzQiUyMGp1c3RpZnktY29udGVudCUzQSUyMGNlbnRlciUzQiUyMGFsaWduLWl0ZW1zJTNBJTIwY2VudGVyJTNCJTIyJTNFJTBBJTIwJTIwJTIwJTIwJTNDZGl2JTIwc3R5bGUlM0QlMjJiYWNrZ3JvdW5kLWNvbG9yJTNBJTIwJTIzZmZmJTNCJTIwcGFkZGluZyUzQSUyMDIwcHglM0IlMjBib3JkZXItcmFkaXVzJTNBJTIwNXB4JTNCJTIyJTNFJTBBJTIwJTIwJTIwJTIwJTIwJTIwJTIwJTIwJTNDZGl2JTIwY2xhc3MlM0QlMjJ2Y19idG4zLWNvbnRhaW5lciUyMHZjX2J0bjMtY2VudGVyJTIyJTNFJTBBJTIwJTIwJTIwJTIwJTIwJTIwJTIwJTIwJTIwJTIwJTNDYSUyMGNsYXNzJTNEJTIydmNfZ2VuZXJhbCUyMHZjX2J0bjMlMjB2Y19idG4zLXNpemUtbWQlMjB2Y19idG4zLXNoYXBlLXNxdWFyZSUyMHZjX2J0bjMtc3R5bGUtbW9kZXJuJTIwdmNfYnRuMy1ibG9jayUyMHZjX2J0bjMtY29sb3ItaW52ZXJzZSUyMiUyMGhyZWYlM0QlMjJodHRwcyUzQSUyRiUyRnd3dy5zZWN1cmUtaG90ZWwtYm9va2luZy5jb20lMkZkLWVkZ2UlMkZDaGF0ZWF1LWRlLVNhY3klMkYyQ1ZWJTJGZW4tVVMlMkYlMjMlMkZSb29tU2VsZWN0aW9uJTIyJTIwdGFyZ2V0JTNEJUUyJTgwJTlEX2JsYW5rJUUyJTgwJTlEJTIwdGl0bGUlM0QlMjJzYWN5JTIyJTIwJTNFQk9PSyUyMFlPVVIlMjBTVEFZJTNDJTJGYSUzRSUwQSUyMCUyMCUyMCUyMCUyMCUyMCUyMCUyMCUzQyUyRmRpdiUzRSUwQSUwQSUyMCUyMCUyMCUyMCUyMCUyMCUyMCUyMCUzQ2RpdiUyMGNsYXNzJTNEJTIydmNfYnRuMy1jb250YWluZXIlMjB2Y19idG4zLWNlbnRlciUyMiUzRSUwQSUyMCUyMCUyMCUyMCUyMCUyMCUyMCUyMCUyMCUyMCUzQ2ElMjBjbGFzcyUzRCUyMnZjX2dlbmVyYWwlMjB2Y19idG4zJTIwdmNfYnRuMy1zaXplLW1kJTIwdmNfYnRuMy1zaGFwZS1zcXVhcmUlMjB2Y19idG4zLXN0eWxlLW1vZGVybiUyMHZjX2J0bjMtYmxvY2slMjB2Y19idG4zLWNvbG9yLWludmVyc2UlMjIlMjBocmVmJTNEJTIyaHR0cHMlM0ElMkYlMkZib29raW5ncy56ZW5jaGVmLmNvbSUyRnJlc3VsdHMlM0ZyaWQlM0QzNTgyNDAlMjZmdWxsc2NyZWVuJTNEMSUyNmxhbmclM0RlbiUyMiUyMHRhcmdldCUzRCVFMiU4MCU5RF9ibGFuayVFMiU4MCU5RCUyMHRpdGxlJTNEJTIyTGUlMjByZXN0YXVyYW50JTIyJTNFQk9PSyUyMEFUJTIwVEhFJTIwUkVTVEFVUkFOVCUzQyUyRmElM0UlMEElMjAlMjAlMjAlMjAlMjAlMjAlMjAlMjAlM0MlMkZkaXYlM0UlMEElMEElMjAlMjAlMjAlMjAlMjAlMjAlMjAlMjAlM0NkaXYlMjBjbGFzcyUzRCUyMnZjX2J0bjMtY29udGFpbmVyJTIwdmNfYnRuMy1jZW50ZXIlMjIlM0UlMEElMjAlMjAlMjAlMjAlMjAlMjAlMjAlMjAlMjAlMjAlM0NhJTIwY2xhc3MlM0QlMjJ2Y19nZW5lcmFsJTIwdmNfYnRuMyUyMHZjX2J0bjMtc2l6ZS1tZCUyMHZjX2J0bjMtc2hhcGUtc3F1YXJlJTIwdmNfYnRuMy1zdHlsZS1tb2Rlcm4lMjB2Y19idG4zLWJsb2NrJTIwdmNfYnRuMy1jb2xvci1pbnZlcnNlJTIyJTIwaHJlZiUzRCUyMmh0dHBzJTNBJTJGJTJGYm9vay5wdXJlLWluZm9ybWF0aXF1ZS5jb20lMkYlM0Zsb2NhdGlvbklEJTNENTM0NTglMjIlMjB0YXJnZXQlM0QlRTIlODAlOURfYmxhbmslRTIlODAlOUQlMjB0aXRsZSUzRCUyMnNwYSUyMiUyMCUzRUJPT0slMjBBVCUyMFRIRSUyMFNQQSUzQyUyRmElM0UlMEElMjAlMjAlMjAlMjAlMjAlMjAlMjAlMjAlM0MlMkZkaXYlM0UlMEElMjAlMjAlMjAlMjAlMjAlMjAlMjAlMjAlM0NidXR0b24lMjBpZCUzRCUyMmNsb3NlTW9kYWwlMjIlMjBvbmNsaWNrJTNEJTIyZG9jdW1lbnQuZ2V0RWxlbWVudEJ5SWQlMjglMjdteU1vZGFsJTI3JTI5LnN0eWxlLmRpc3BsYXklMjAlM0QlMjAlMjdub25lJTI3JTNCJTIyJTNFQ2xvc2UlM0MlMkZidXR0b24lM0UlMEElMjAlMjAlMjAlMjAlM0MlMkZkaXYlM0UlMEElM0MlMkZkaXYlM0UlMEE=[\/vc_raw_html][\/vc_column][\/vc_row]\n","protected":false},"excerpt":{"rendered":"<p>[vc_row full_width=&#8221;stretch_row_content_no_spaces&#8221; disable_element=&#8221;yes&#8221;][vc_column][rev_slider_vc alias=&#8221;restaurant-bar&#8221;][vc_empty_space][\/vc_column][\/vc_row][vc_row full_width=&#8221;stretch_row_content_no_spaces&#8221; full_height=&#8221;yes&#8221; parallax=&#8221;content-moving&#8221; parallax_image=&#8221;5675906&#8243; parallax_speed_bg=&#8221;1&#8243;][vc_column][vc_raw_html]JTNDaW1nJTIwc3JjJTNEJTIyaHR0cHMlM0ElMkYlMkZzMy1ldS1jZW50cmFsLTEuYW1hem9uYXdzLmNvbSUyRmJvd28tbWVkaWElMkZwd2FfY2FyZCUyRmY3NTU4YjJmLTEyZWEtNDc3Zi1hOWJmLTA4YzExMjkzMmY1OC5naWYlMjIlMjBzdHlsZSUzRCUyMmRpc3BsYXklM0ElMjBibG9jayUzQiUyMG1hcmdpbi1sZWZ0JTNBJTIwYXV0byUzQiUyMG1hcmdpbi1yaWdodCUzQSUyMGF1dG8lM0IlMjB3aWR0aCUzQTEwMHB4JTNCJTIyJTIwb25jbGljayUzRCUyMnNtb290aFNjcm9sbCUyOCUyNyUyM3Jlc3RhdXJhbnQtY29udGVudCUyNyUyOSUyMiUzRQ==[\/vc_raw_html][\/vc_column][\/vc_row][vc_row][vc_column][vc_empty_space height=&#8221;20px&#8221;][vc_empty_space height=&#8221;20px&#8221;][vc_empty_space height=&#8221;20px&#8221;][\/vc_column][\/vc_row][vc_row content_placement=&#8221;middle&#8221; css=&#8221;.vc_custom_1702538012396{margin-bottom: 20px !important;}&#8221; el_id=&#8221;restaurant-content&#8221;][vc_column width=&#8221;1\/2&#8243;][vc_single_image image=&#8221;5675764&#8243; img_size=&#8221;600 x 650&#8243; alignment=&#8221;center&#8221; css=&#8221;.vc_custom_1771855153584{margin-bottom: 30px !important;}&#8221;][\/vc_column][vc_column width=&#8221;1\/2&#8243;][vc_empty_space height=&#8221;20px&#8221;][vc_empty_space height=&#8221;20px&#8221;][vc_empty_space height=&#8221;20px&#8221;][vc_row_inner][vc_column_inner width=&#8221;1\/2&#8243;][vc_btn title=&#8221;BOOK&#8221; style=&#8221;outline&#8221; shape=&#8221;square&#8221; color=&#8221;inverse&#8221; align=&#8221;center&#8221; i_icon_fontawesome=&#8221;fas fa-utensils&#8221; button_block=&#8221;true&#8221; add_icon=&#8221;true&#8221; link=&#8221;url:https%3A%2F%2Fbookings.zenchef.com%2Fresults%3Frid%3D358240%26fullscreen%3D1%26lang%3Den|target:_blank&#8221;][\/vc_column_inner][vc_column_inner width=&#8221;1\/2&#8243;][vc_btn title=&#8221;MENU&#8221; style=&#8221;outline&#8221; shape=&#8221;square&#8221; color=&#8221;inverse&#8221; align=&#8221;center&#8221; i_icon_fontawesome=&#8221;fas fa-book-open&#8221; button_block=&#8221;true&#8221; add_icon=&#8221;true&#8221; link=&#8221;url:https%3A%2F%2Fchateaudesacy-reims.fr%2Fwp-content%2Fuploads%2F2026%2F04%2Fcarte-restaurant-1.pdf|target:_blank&#8221;][\/vc_column_inner][\/vc_row_inner][vc_empty_space height=&#8221;20px&#8221;][\/vc_column][\/vc_row][vc_row content_placement=&#8221;middle&#8221; css=&#8221;.vc_custom_1702394277380{margin-bottom: [&hellip;]<\/p>\n","protected":false},"author":1,"featured_media":0,"parent":0,"menu_order":0,"comment_status":"closed","ping_status":"closed","template":"","meta":{"inline_featured_image":false,"footnotes":""},"class_list":["post-5667932","page","type-page","status-publish","hentry"],"acf":[],"yoast_head":"<!-- This site is optimized with the Yoast SEO plugin v19.13 - https:\/\/yoast.com\/wordpress\/plugins\/seo\/ -->\n<title>Restaurant in the heart of the vineyards - Ch\u00e2teau de Sacy<\/title>\n<meta name=\"description\" content=\"The Ch\u00e2teau de Sacy restaurant in the heart of the vineyards is a real gourmet break! A suspended moment to enjoy...\" \/>\n<meta name=\"robots\" content=\"index, follow, max-snippet:-1, max-image-preview:large, max-video-preview:-1\" \/>\n<link rel=\"canonical\" href=\"https:\/\/chateaudesacy-reims.fr\/en\/restaurant-bar\/\" \/>\n<meta property=\"og:locale\" content=\"en_US\" \/>\n<meta property=\"og:type\" content=\"article\" \/>\n<meta property=\"og:title\" content=\"Restaurant in the heart of the vineyards - Ch\u00e2teau de Sacy\" \/>\n<meta property=\"og:description\" content=\"The Ch\u00e2teau de Sacy restaurant in the heart of the vineyards is a real gourmet break! A suspended moment to enjoy...\" \/>\n<meta property=\"og:url\" content=\"https:\/\/chateaudesacy-reims.fr\/en\/restaurant-bar\/\" \/>\n<meta property=\"og:site_name\" content=\"Ch\u00e2teau de Sacy - H\u00f4tel &amp; Restaurant\" \/>\n<meta property=\"article:publisher\" content=\"https:\/\/www.facebook.com\/hotellapalmeraielabaule\/\" \/>\n<meta property=\"article:modified_time\" content=\"2026-04-22T14:45:56+00:00\" \/>\n<meta name=\"twitter:card\" content=\"summary_large_image\" \/>\n<meta name=\"twitter:label1\" content=\"Est. reading time\" \/>\n\t<meta name=\"twitter:data1\" content=\"2 minutes\" \/>\n<script type=\"application\/ld+json\" class=\"yoast-schema-graph\">{\"@context\":\"https:\/\/schema.org\",\"@graph\":[{\"@type\":\"WebPage\",\"@id\":\"https:\/\/chateaudesacy-reims.fr\/en\/restaurant-bar\/\",\"url\":\"https:\/\/chateaudesacy-reims.fr\/en\/restaurant-bar\/\",\"name\":\"Restaurant in the heart of the vineyards - Ch\u00e2teau de Sacy\",\"isPartOf\":{\"@id\":\"https:\/\/chateaudesacy-reims.fr\/en\/#website\"},\"datePublished\":\"2019-04-08T10:09:45+00:00\",\"dateModified\":\"2026-04-22T14:45:56+00:00\",\"description\":\"The Ch\u00e2teau de Sacy restaurant in the heart of the vineyards is a real gourmet break! A suspended moment to enjoy...\",\"breadcrumb\":{\"@id\":\"https:\/\/chateaudesacy-reims.fr\/en\/restaurant-bar\/#breadcrumb\"},\"inLanguage\":\"en-US\",\"potentialAction\":[{\"@type\":\"ReadAction\",\"target\":[\"https:\/\/chateaudesacy-reims.fr\/en\/restaurant-bar\/\"]}]},{\"@type\":\"BreadcrumbList\",\"@id\":\"https:\/\/chateaudesacy-reims.fr\/en\/restaurant-bar\/#breadcrumb\",\"itemListElement\":[{\"@type\":\"ListItem\",\"position\":1,\"name\":\"Accueil\",\"item\":\"https:\/\/chateaudesacy-reims.fr\/en\/\"},{\"@type\":\"ListItem\",\"position\":2,\"name\":\"Restaurant &#038; Bar\"}]},{\"@type\":\"WebSite\",\"@id\":\"https:\/\/chateaudesacy-reims.fr\/en\/#website\",\"url\":\"https:\/\/chateaudesacy-reims.fr\/en\/\",\"name\":\"Ch\u00e2teau de Sacy - H\u00f4tel &amp; Restaurant\",\"description\":\"\",\"potentialAction\":[{\"@type\":\"SearchAction\",\"target\":{\"@type\":\"EntryPoint\",\"urlTemplate\":\"https:\/\/chateaudesacy-reims.fr\/en\/?s={search_term_string}\"},\"query-input\":\"required name=search_term_string\"}],\"inLanguage\":\"en-US\"}]}<\/script>\n<!-- \/ Yoast SEO plugin. -->","yoast_head_json":{"title":"Restaurant in the heart of the vineyards - Ch\u00e2teau de Sacy","description":"The Ch\u00e2teau de Sacy restaurant in the heart of the vineyards is a real gourmet break! A suspended moment to enjoy...","robots":{"index":"index","follow":"follow","max-snippet":"max-snippet:-1","max-image-preview":"max-image-preview:large","max-video-preview":"max-video-preview:-1"},"canonical":"https:\/\/chateaudesacy-reims.fr\/en\/restaurant-bar\/","og_locale":"en_US","og_type":"article","og_title":"Restaurant in the heart of the vineyards - Ch\u00e2teau de Sacy","og_description":"The Ch\u00e2teau de Sacy restaurant in the heart of the vineyards is a real gourmet break! A suspended moment to enjoy...","og_url":"https:\/\/chateaudesacy-reims.fr\/en\/restaurant-bar\/","og_site_name":"Ch\u00e2teau de Sacy - H\u00f4tel &amp; Restaurant","article_publisher":"https:\/\/www.facebook.com\/hotellapalmeraielabaule\/","article_modified_time":"2026-04-22T14:45:56+00:00","twitter_card":"summary_large_image","twitter_misc":{"Est. reading time":"2 minutes"},"schema":{"@context":"https:\/\/schema.org","@graph":[{"@type":"WebPage","@id":"https:\/\/chateaudesacy-reims.fr\/en\/restaurant-bar\/","url":"https:\/\/chateaudesacy-reims.fr\/en\/restaurant-bar\/","name":"Restaurant in the heart of the vineyards - Ch\u00e2teau de Sacy","isPartOf":{"@id":"https:\/\/chateaudesacy-reims.fr\/en\/#website"},"datePublished":"2019-04-08T10:09:45+00:00","dateModified":"2026-04-22T14:45:56+00:00","description":"The Ch\u00e2teau de Sacy restaurant in the heart of the vineyards is a real gourmet break! A suspended moment to enjoy...","breadcrumb":{"@id":"https:\/\/chateaudesacy-reims.fr\/en\/restaurant-bar\/#breadcrumb"},"inLanguage":"en-US","potentialAction":[{"@type":"ReadAction","target":["https:\/\/chateaudesacy-reims.fr\/en\/restaurant-bar\/"]}]},{"@type":"BreadcrumbList","@id":"https:\/\/chateaudesacy-reims.fr\/en\/restaurant-bar\/#breadcrumb","itemListElement":[{"@type":"ListItem","position":1,"name":"Accueil","item":"https:\/\/chateaudesacy-reims.fr\/en\/"},{"@type":"ListItem","position":2,"name":"Restaurant &#038; Bar"}]},{"@type":"WebSite","@id":"https:\/\/chateaudesacy-reims.fr\/en\/#website","url":"https:\/\/chateaudesacy-reims.fr\/en\/","name":"Ch\u00e2teau de Sacy - H\u00f4tel &amp; Restaurant","description":"","potentialAction":[{"@type":"SearchAction","target":{"@type":"EntryPoint","urlTemplate":"https:\/\/chateaudesacy-reims.fr\/en\/?s={search_term_string}"},"query-input":"required name=search_term_string"}],"inLanguage":"en-US"}]}},"_links":{"self":[{"href":"https:\/\/chateaudesacy-reims.fr\/en\/wp-json\/wp\/v2\/pages\/5667932","targetHints":{"allow":["GET"]}}],"collection":[{"href":"https:\/\/chateaudesacy-reims.fr\/en\/wp-json\/wp\/v2\/pages"}],"about":[{"href":"https:\/\/chateaudesacy-reims.fr\/en\/wp-json\/wp\/v2\/types\/page"}],"author":[{"embeddable":true,"href":"https:\/\/chateaudesacy-reims.fr\/en\/wp-json\/wp\/v2\/users\/1"}],"replies":[{"embeddable":true,"href":"https:\/\/chateaudesacy-reims.fr\/en\/wp-json\/wp\/v2\/comments?post=5667932"}],"version-history":[{"count":8,"href":"https:\/\/chateaudesacy-reims.fr\/en\/wp-json\/wp\/v2\/pages\/5667932\/revisions"}],"predecessor-version":[{"id":5676100,"href":"https:\/\/chateaudesacy-reims.fr\/en\/wp-json\/wp\/v2\/pages\/5667932\/revisions\/5676100"}],"wp:attachment":[{"href":"https:\/\/chateaudesacy-reims.fr\/en\/wp-json\/wp\/v2\/media?parent=5667932"}],"curies":[{"name":"wp","href":"https:\/\/api.w.org\/{rel}","templated":true}]}}